{"id":132363,"date":"2024-06-19T08:29:49","date_gmt":"2024-06-19T06:29:49","guid":{"rendered":"https:\/\/www.nightcharge.be\/indigo-night-charge-merci-de-votre-demande\/"},"modified":"2025-02-27T10:20:18","modified_gmt":"2025-02-27T08:20:18","slug":"indigo-night-charge-merci-de-votre-demande","status":"publish","type":"page","link":"https:\/\/www.nightcharge.be\/fr\/indigo-night-charge-merci-de-votre-demande\/","title":{"rendered":"Indigo Night Charge | Merci de votre demande"},"content":{"rendered":"<div class=\"wpb-content-wrapper\"><p>[vc_row row_height_percent=\u00a0\u00bb81&Prime; override_padding=\u00a0\u00bbyes\u00a0\u00bb h_padding=\u00a0\u00bb2&Prime; top_padding=\u00a0\u00bb0&Prime; bottom_padding=\u00a0\u00bb0&Prime; back_image=\u00a0\u00bb131790&Prime; overlay_alpha=\u00a0\u00bb50&Prime; gutter_size=\u00a0\u00bb3&Prime; column_width_percent=\u00a0\u00bb100&Prime; shift_y=\u00a0\u00bb0&Prime; z_index=\u00a0\u00bb0&Prime; uncode_shortcode_id=\u00a0\u00bb149552&Prime; row_name=\u00a0\u00bbabonnement\u00a0\u00bb][vc_column column_width_percent=\u00a0\u00bb100&Prime; position_vertical=\u00a0\u00bbmiddle\u00a0\u00bb gutter_size=\u00a0\u00bb3&Prime; overlay_alpha=\u00a0\u00bb50&Prime; shift_x=\u00a0\u00bb0&Prime; shift_y=\u00a0\u00bb0&Prime; shift_y_down=\u00a0\u00bb0&Prime; z_index=\u00a0\u00bb0&Prime; medium_width=\u00a0\u00bb0&Prime; mobile_width=\u00a0\u00bb0&Prime; width=\u00a0\u00bb1\/1&Prime; uncode_shortcode_id=\u00a0\u00bb213752&Prime;][vc_row_inner row_inner_height_percent=\u00a0\u00bb0&Prime; overlay_alpha=\u00a0\u00bb50&Prime; gutter_size=\u00a0\u00bb3&Prime; shift_y=\u00a0\u00bb0&Prime; z_index=\u00a0\u00bb0&Prime; uncode_shortcode_id=\u00a0\u00bb383858&Prime; limit_content=\u00a0\u00bb\u00a0\u00bb][vc_column_inner column_width_percent=\u00a0\u00bb100&Prime; position_vertical=\u00a0\u00bbmiddle\u00a0\u00bb gutter_size=\u00a0\u00bb3&Prime; override_padding=\u00a0\u00bbyes\u00a0\u00bb column_padding=\u00a0\u00bb4&Prime; back_color=\u00a0\u00bbcolor-xsdn\u00a0\u00bb overlay_alpha=\u00a0\u00bb50&Prime; shift_x=\u00a0\u00bb0&Prime; shift_y=\u00a0\u00bb0&Prime; shift_y_down=\u00a0\u00bb0&Prime; z_index=\u00a0\u00bb0&Prime; medium_width=\u00a0\u00bb0&Prime; mobile_width=\u00a0\u00bb0&Prime; width=\u00a0\u00bb1\/1&Prime; uncode_shortcode_id=\u00a0\u00bb113777&Prime; back_color_type=\u00a0\u00bbuncode-palette\u00a0\u00bb][vc_custom_heading heading_semantic=\u00a0\u00bbh3&Prime; text_size=\u00a0\u00bbh3&Prime; uncode_shortcode_id=\u00a0\u00bb132909&Prime;]Nous vous remercions de votre demande.[\/vc_custom_heading][vc_custom_heading heading_semantic=\u00a0\u00bbh4&Prime; text_size=\u00a0\u00bbh4&Prime; uncode_shortcode_id=\u00a0\u00bb693958&Prime;]Un peu plus de patience et vous pourrez bient\u00f4t charger sans souci.[\/vc_custom_heading][vc_button button_color=\u00a0\u00bbcolor-272897&Prime; hover_fx=\u00a0\u00bboutlined\u00a0\u00bb text_skin=\u00a0\u00bbyes\u00a0\u00bb border_width=\u00a0\u00bb0&Prime; link=\u00a0\u00bburl:https%3A%2F%2Fwww.nightcharge.be%2Ffr%2F|title:Indigo%20Night%20Charge%20%7C%20EV%20-%20parking%20et%20recharge|\u00a0\u00bb uncode_shortcode_id=\u00a0\u00bb294581&Prime; button_color_type=\u00a0\u00bbuncode-palette\u00a0\u00bb]Retour au site[\/vc_button][\/vc_column_inner][\/vc_row_inner][\/vc_column][\/vc_row]<\/p>\n<\/div>","protected":false},"excerpt":{"rendered":"<p>[vc_row row_height_percent=\u00a0\u00bb81&Prime; override_padding=\u00a0\u00bbyes\u00a0\u00bb h_padding=\u00a0\u00bb2&Prime; top_padding=\u00a0\u00bb0&Prime; bottom_padding=\u00a0\u00bb0&Prime; back_image=\u00a0\u00bb131790&Prime; overlay_alpha=\u00a0\u00bb50&Prime; gutter_size=\u00a0\u00bb3&Prime; column_width_percent=\u00a0\u00bb100&Prime; shift_y=\u00a0\u00bb0&Prime; z_index=\u00a0\u00bb0&Prime; uncode_shortcode_id=\u00a0\u00bb149552&Prime; row_name=\u00a0\u00bbabonnement\u00a0\u00bb][vc_column column_width_percent=\u00a0\u00bb100&Prime; position_vertical=\u00a0\u00bbmiddle\u00a0\u00bb gutter_size=\u00a0\u00bb3&Prime; overlay_alpha=\u00a0\u00bb50&Prime; shift_x=\u00a0\u00bb0&Prime; shift_y=\u00a0\u00bb0&Prime; [&hellip;]<\/p>\n","protected":false},"author":2,"featured_media":0,"parent":0,"menu_order":0,"comment_status":"closed","ping_status":"closed","template":"","meta":{"_acf_changed":false,"footnotes":""},"class_list":["post-132363","page","type-page","status-publish","hentry"],"acf":[],"yoast_head":"<!-- This site is optimized with the Yoast SEO plugin v22.8 - https:\/\/yoast.com\/wordpress\/plugins\/seo\/ -->\n<title>Indigo Night Charge | Merci de votre demande<\/title>\n<meta name=\"description\" content=\"Le stationnement et la recharge des v\u00e9hicules \u00e9lectriques (VE) pour les r\u00e9sidents et les riverains des parkings d&#039;Indigo.\" \/>\n<meta name=\"robots\" content=\"index, follow, max-snippet:-1, max-image-preview:large, max-video-preview:-1\" \/>\n<link rel=\"canonical\" href=\"https:\/\/www.nightcharge.be\/fr\/indigo-night-charge-merci-de-votre-demande\/\" \/>\n<meta property=\"og:locale\" content=\"fr_FR\" \/>\n<meta property=\"og:type\" content=\"article\" \/>\n<meta property=\"og:title\" content=\"Indigo Night Charge | Merci de votre demande\" \/>\n<meta property=\"og:description\" content=\"Le stationnement et la recharge des v\u00e9hicules \u00e9lectriques (VE) pour les r\u00e9sidents et les riverains des parkings d&#039;Indigo.\" \/>\n<meta property=\"og:url\" content=\"https:\/\/www.nightcharge.be\/fr\/indigo-night-charge-merci-de-votre-demande\/\" \/>\n<meta property=\"og:site_name\" content=\"Night charge\" \/>\n<meta property=\"article:modified_time\" content=\"2025-02-27T08:20:18+00:00\" \/>\n<meta name=\"twitter:card\" content=\"summary_large_image\" \/>\n<meta name=\"twitter:label1\" content=\"Dur\u00e9e de lecture estim\u00e9e\" \/>\n\t<meta name=\"twitter:data1\" content=\"1 minute\" \/>\n<script type=\"application\/ld+json\" class=\"yoast-schema-graph\">{\"@context\":\"https:\/\/schema.org\",\"@graph\":[{\"@type\":\"WebPage\",\"@id\":\"https:\/\/www.nightcharge.be\/fr\/indigo-night-charge-merci-de-votre-demande\/\",\"url\":\"https:\/\/www.nightcharge.be\/fr\/indigo-night-charge-merci-de-votre-demande\/\",\"name\":\"Indigo Night Charge | Merci de votre demande\",\"isPartOf\":{\"@id\":\"https:\/\/www.nightcharge.be\/fr\/#website\"},\"datePublished\":\"2024-06-19T06:29:49+00:00\",\"dateModified\":\"2025-02-27T08:20:18+00:00\",\"description\":\"Le stationnement et la recharge des v\u00e9hicules \u00e9lectriques (VE) pour les r\u00e9sidents et les riverains des parkings d'Indigo.\",\"breadcrumb\":{\"@id\":\"https:\/\/www.nightcharge.be\/fr\/indigo-night-charge-merci-de-votre-demande\/#breadcrumb\"},\"inLanguage\":\"fr-FR\",\"potentialAction\":[{\"@type\":\"ReadAction\",\"target\":[\"https:\/\/www.nightcharge.be\/fr\/indigo-night-charge-merci-de-votre-demande\/\"]}]},{\"@type\":\"BreadcrumbList\",\"@id\":\"https:\/\/www.nightcharge.be\/fr\/indigo-night-charge-merci-de-votre-demande\/#breadcrumb\",\"itemListElement\":[{\"@type\":\"ListItem\",\"position\":1,\"name\":\"Home\",\"item\":\"https:\/\/www.nightcharge.be\/fr\/\"},{\"@type\":\"ListItem\",\"position\":2,\"name\":\"Indigo Night Charge | Merci de votre demande\"}]},{\"@type\":\"WebSite\",\"@id\":\"https:\/\/www.nightcharge.be\/fr\/#website\",\"url\":\"https:\/\/www.nightcharge.be\/fr\/\",\"name\":\"Night charge\",\"description\":\"\",\"potentialAction\":[{\"@type\":\"SearchAction\",\"target\":{\"@type\":\"EntryPoint\",\"urlTemplate\":\"https:\/\/www.nightcharge.be\/fr\/?s={search_term_string}\"},\"query-input\":\"required name=search_term_string\"}],\"inLanguage\":\"fr-FR\"}]}<\/script>\n<!-- \/ Yoast SEO plugin. -->","yoast_head_json":{"title":"Indigo Night Charge | Merci de votre demande","description":"Le stationnement et la recharge des v\u00e9hicules \u00e9lectriques (VE) pour les r\u00e9sidents et les riverains des parkings d'Indigo.","robots":{"index":"index","follow":"follow","max-snippet":"max-snippet:-1","max-image-preview":"max-image-preview:large","max-video-preview":"max-video-preview:-1"},"canonical":"https:\/\/www.nightcharge.be\/fr\/indigo-night-charge-merci-de-votre-demande\/","og_locale":"fr_FR","og_type":"article","og_title":"Indigo Night Charge | Merci de votre demande","og_description":"Le stationnement et la recharge des v\u00e9hicules \u00e9lectriques (VE) pour les r\u00e9sidents et les riverains des parkings d'Indigo.","og_url":"https:\/\/www.nightcharge.be\/fr\/indigo-night-charge-merci-de-votre-demande\/","og_site_name":"Night charge","article_modified_time":"2025-02-27T08:20:18+00:00","twitter_card":"summary_large_image","twitter_misc":{"Dur\u00e9e de lecture estim\u00e9e":"1 minute"},"schema":{"@context":"https:\/\/schema.org","@graph":[{"@type":"WebPage","@id":"https:\/\/www.nightcharge.be\/fr\/indigo-night-charge-merci-de-votre-demande\/","url":"https:\/\/www.nightcharge.be\/fr\/indigo-night-charge-merci-de-votre-demande\/","name":"Indigo Night Charge | Merci de votre demande","isPartOf":{"@id":"https:\/\/www.nightcharge.be\/fr\/#website"},"datePublished":"2024-06-19T06:29:49+00:00","dateModified":"2025-02-27T08:20:18+00:00","description":"Le stationnement et la recharge des v\u00e9hicules \u00e9lectriques (VE) pour les r\u00e9sidents et les riverains des parkings d'Indigo.","breadcrumb":{"@id":"https:\/\/www.nightcharge.be\/fr\/indigo-night-charge-merci-de-votre-demande\/#breadcrumb"},"inLanguage":"fr-FR","potentialAction":[{"@type":"ReadAction","target":["https:\/\/www.nightcharge.be\/fr\/indigo-night-charge-merci-de-votre-demande\/"]}]},{"@type":"BreadcrumbList","@id":"https:\/\/www.nightcharge.be\/fr\/indigo-night-charge-merci-de-votre-demande\/#breadcrumb","itemListElement":[{"@type":"ListItem","position":1,"name":"Home","item":"https:\/\/www.nightcharge.be\/fr\/"},{"@type":"ListItem","position":2,"name":"Indigo Night Charge | Merci de votre demande"}]},{"@type":"WebSite","@id":"https:\/\/www.nightcharge.be\/fr\/#website","url":"https:\/\/www.nightcharge.be\/fr\/","name":"Night charge","description":"","potentialAction":[{"@type":"SearchAction","target":{"@type":"EntryPoint","urlTemplate":"https:\/\/www.nightcharge.be\/fr\/?s={search_term_string}"},"query-input":"required name=search_term_string"}],"inLanguage":"fr-FR"}]}},"_links":{"self":[{"href":"https:\/\/www.nightcharge.be\/fr\/wp-json\/wp\/v2\/pages\/132363","targetHints":{"allow":["GET"]}}],"collection":[{"href":"https:\/\/www.nightcharge.be\/fr\/wp-json\/wp\/v2\/pages"}],"about":[{"href":"https:\/\/www.nightcharge.be\/fr\/wp-json\/wp\/v2\/types\/page"}],"author":[{"embeddable":true,"href":"https:\/\/www.nightcharge.be\/fr\/wp-json\/wp\/v2\/users\/2"}],"replies":[{"embeddable":true,"href":"https:\/\/www.nightcharge.be\/fr\/wp-json\/wp\/v2\/comments?post=132363"}],"version-history":[{"count":1,"href":"https:\/\/www.nightcharge.be\/fr\/wp-json\/wp\/v2\/pages\/132363\/revisions"}],"predecessor-version":[{"id":132364,"href":"https:\/\/www.nightcharge.be\/fr\/wp-json\/wp\/v2\/pages\/132363\/revisions\/132364"}],"wp:attachment":[{"href":"https:\/\/www.nightcharge.be\/fr\/wp-json\/wp\/v2\/media?parent=132363"}],"curies":[{"name":"wp","href":"https:\/\/api.w.org\/{rel}","templated":true}]}}